{"id":13,"date":"2024-07-02T08:16:42","date_gmt":"2024-07-02T08:16:42","guid":{"rendered":"http:\/\/scjanadlugosza.pl\/?page_id=13"},"modified":"2024-07-02T08:45:55","modified_gmt":"2024-07-02T08:45:55","slug":"strona-glowna","status":"publish","type":"page","link":"https:\/\/scjanadlugosza.pl\/","title":{"rendered":"Strona G\u0142\u00f3wna"},"content":{"rendered":"\t\t<div data-elementor-type=\"wp-page\" data-elementor-id=\"13\" class=\"elementor elementor-13\">\n\t\t\t\t<div class=\"elementor-element elementor-element-cb3b5f7 e-flex e-con-boxed e-con e-parent\" data-id=\"cb3b5f7\" data-element_type=\"container\" data-e-type=\"container\">\n\t\t\t\t\t<div class=\"e-con-inner\">\n\t\t\t\t<div class=\"elementor-element elementor-element-4b41fab elementor-widget elementor-widget-spacer\" data-id=\"4b41fab\" data-element_type=\"widget\" data-e-type=\"widget\" data-widget_type=\"spacer.default\">\n\t\t\t\t<div class=\"elementor-widget-container\">\n\t\t\t\t\t\t\t<div class=\"elementor-spacer\">\n\t\t\t<div class=\"elementor-spacer-inner\"><\/div>\n\t\t<\/div>\n\t\t\t\t\t\t<\/div>\n\t\t\t\t<\/div>\n\t\t\t\t\t<\/div>\n\t\t\t\t<\/div>\n\t\t<div class=\"elementor-element elementor-element-c5efbc6 e-flex e-con-boxed e-con e-parent\" data-id=\"c5efbc6\" data-element_type=\"container\" data-e-type=\"container\">\n\t\t\t\t\t<div class=\"e-con-inner\">\n\t\t\t\t<div class=\"elementor-element elementor-element-a1849a6 elementor-widget__width-initial elementor-widget elementor-widget-image\" data-id=\"a1849a6\" data-element_type=\"widget\" data-e-type=\"widget\" data-widget_type=\"image.default\">\n\t\t\t\t<div class=\"elementor-widget-container\">\n\t\t\t\t\t\t\t\t\t\t\t\t\t\t\t<img fetchpriority=\"high\" decoding=\"async\" width=\"376\" height=\"500\" src=\"https:\/\/scjanadlugosza.pl\/wp-content\/uploads\/2024\/07\/dlugosz_jumbo.png\" class=\"attachment-large size-large wp-image-16\" alt=\"\" srcset=\"https:\/\/scjanadlugosza.pl\/wp-content\/uploads\/2024\/07\/dlugosz_jumbo.png 376w, https:\/\/scjanadlugosza.pl\/wp-content\/uploads\/2024\/07\/dlugosz_jumbo-226x300.png 226w\" sizes=\"(max-width: 376px) 100vw, 376px\" \/>\t\t\t\t\t\t\t\t\t\t\t\t\t\t\t<\/div>\n\t\t\t\t<\/div>\n\t\t\t\t<div class=\"elementor-element elementor-element-2fb1421 elementor-widget elementor-widget-text-editor\" data-id=\"2fb1421\" data-element_type=\"widget\" data-e-type=\"widget\" data-widget_type=\"text-editor.default\">\n\t\t\t\t<div class=\"elementor-widget-container\">\n\t\t\t\t\t\t\t\t\t<h1>Stowarzyszenie centrum im. Jana D\u0142ugosza<\/h1><p>Za\u0142o\u017cycielami s\u0105 mieszka\u0144cy gminy Nowa Brze\u017anica, kt\u00f3rzy \u015bladami Jana D\u0142ugosza chc\u0105 propagowa\u0107 jego za\u0142o\u017cenia.<\/p><p><strong>Jan D\u0142ugosz:<\/strong>\u00a0Urodzi\u0142 si\u0119 1 grudnia 1415 w Brze\u017anicy, zm. 19 maja 1480 w Krakowie. Polski historyk, kronikarz, tw\u00f3rca dzie\u0142a Roczniki, czyli kroniki s\u0142awnego Kr\u00f3lestwa Polskiego, duchowny, geograf, pierwszy heraldyk polski, dyplomata; wychowawca syn\u00f3w Kazimierza Jagiello\u0144czyka, posiada\u0142 przywilej kreacji notarialnej. By\u0142 Biskupem nominatem Lwowskim. Sw\u00f3j maj\u0105tek najcz\u0119\u015bciej przeznacza\u0142 na dobro szkolnictwa i edukacji m\u0142odych os\u00f3b.<\/p>\t\t\t\t\t\t\t\t<\/div>\n\t\t\t\t<\/div>\n\t\t\t\t\t<\/div>\n\t\t\t\t<\/div>\n\t\t<div class=\"elementor-element elementor-element-6da7d0d e-flex e-con-boxed e-con e-parent\" data-id=\"6da7d0d\" data-element_type=\"container\" data-e-type=\"container\">\n\t\t\t\t\t<div class=\"e-con-inner\">\n\t\t\t\t<div class=\"elementor-element elementor-element-5685d90 elementor-widget elementor-widget-image\" data-id=\"5685d90\" data-element_type=\"widget\" data-e-type=\"widget\" data-widget_type=\"image.default\">\n\t\t\t\t<div class=\"elementor-widget-container\">\n\t\t\t\t\t\t\t\t\t\t\t\t\t\t\t<img decoding=\"async\" width=\"690\" height=\"523\" src=\"https:\/\/scjanadlugosza.pl\/wp-content\/uploads\/2024\/07\/about.png\" class=\"attachment-medium_large size-medium_large wp-image-52\" alt=\"\" srcset=\"https:\/\/scjanadlugosza.pl\/wp-content\/uploads\/2024\/07\/about.png 690w, https:\/\/scjanadlugosza.pl\/wp-content\/uploads\/2024\/07\/about-300x227.png 300w\" sizes=\"(max-width: 690px) 100vw, 690px\" \/>\t\t\t\t\t\t\t\t\t\t\t\t\t\t\t<\/div>\n\t\t\t\t<\/div>\n\t\t\t\t<div class=\"elementor-element elementor-element-1b8316b elementor-widget__width-initial elementor-widget elementor-widget-text-editor\" data-id=\"1b8316b\" data-element_type=\"widget\" data-e-type=\"widget\" data-widget_type=\"text-editor.default\">\n\t\t\t\t<div class=\"elementor-widget-container\">\n\t\t\t\t\t\t\t\t\t<h1 class=\"display-5 fw-bold\">O nas<\/h1><div class=\"container-fluid py-5\"><p class=\"col-md-8 fs-4\">Celem stowarzyszenia jest dzia\u0142alno\u015b\u0107 publiczna na rzecz poprawy warunk\u00f3w \u017cycia spo\u0142eczno\u015bci gminy Nowa Brze\u017anica oraz rozwoju gminy, w szczeg\u00f3lno\u015bci poprzez wykonywanie zada\u0144 w zakresie: podtrzymywania tradycji narodowej, piel\u0119gnowania polsko\u015bci oraz rozwoju \u015bwiadomo\u015bci narodowej, obywatelskiej i kulturowej; Dzia\u0142alno\u015bci charytatywnej; Pomocy spo\u0142ecznej, w tym pomocy rodzinom i osobom w trudnej sytuacji \u017cyciowej oraz wyr\u00f3wnywania szans tych os\u00f3b i rodzin; Dzia\u0142ania na rzecz os\u00f3b niepe\u0142nosprawnych; Promocji zatrudnienia i aktywizacji zawodowej os\u00f3b pozostaj\u0105cych bez pracy i zagro\u017conych zwolnieniem z pracy; Wspomagaj\u0105cej rozw\u00f3j gospodarczy, w tym rozw\u00f3j przedsi\u0119biorczo\u015bci; Dzia\u0142alno\u015bci wspomagaj\u0105cej rozw\u00f3j wsp\u00f3lnot i spo\u0142eczno\u015bci lokalnych; Nauki, edukacji, o\u015bwiaty i wychowania; Kultury, sztuki, ochrony d\u00f3br kultury i tradycji; Upowszechniania kultury fizycznej, sportu i turystyki; Rozpowszechnianie wiedzy na temat jana d\u0142ugosza; Organizowanie wypoczynku dzieci i m\u0142odzie\u017cy, w tym tak\u017ce krajoznawstwo ze szczeg\u00f3lnym uwzgl\u0119dnieniem obszaru gminy nowa brze\u017anica; Wspieranie udzia\u0142u m\u0142odzie\u017cy w \u017cyciu publicznym.<\/p><\/div>\t\t\t\t\t\t\t\t<\/div>\n\t\t\t\t<\/div>\n\t\t\t\t\t<\/div>\n\t\t\t\t<\/div>\n\t\t\t\t<\/div>\n\t\t","protected":false},"excerpt":{"rendered":"<p>Stowarzyszenie centrum im. Jana D\u0142ugosza Za\u0142o\u017cycielami s\u0105 mieszka\u0144cy gminy Nowa Brze\u017anica, kt\u00f3rzy \u015bladami Jana D\u0142ugosza chc\u0105 propagowa\u0107 jego za\u0142o\u017cenia. Jan [&hellip;]<\/p>\n","protected":false},"author":1,"featured_media":0,"parent":0,"menu_order":0,"comment_status":"closed","ping_status":"closed","template":"","meta":{"site-sidebar-layout":"no-sidebar","site-content-layout":"","ast-site-content-layout":"full-width-container","site-content-style":"default","site-sidebar-style":"default","ast-global-header-display":"","ast-banner-title-visibility":"","ast-main-header-display":"","ast-hfb-above-header-display":"","ast-hfb-below-header-display":"","ast-hfb-mobile-header-display":"","site-post-title":"disabled","ast-breadcrumbs-content":"","ast-featured-img":"disabled","footer-sml-layout":"","ast-disable-related-posts":"","theme-transparent-header-meta":"","adv-header-id-meta":"","stick-header-meta":"","header-above-stick-meta":"","header-main-stick-meta":"","header-below-stick-meta":"","astra-migrate-meta-layouts":"default","ast-page-background-enabled":"default","ast-page-background-meta":{"desktop":{"background-color":"var(--ast-global-color-4)","background-image":"","background-repeat":"repeat","background-position":"center center","background-size":"auto","background-attachment":"scroll","background-type":"","background-media":"","overlay-type":"","overlay-color":"","overlay-opacity":"","overlay-gradient":""},"tablet":{"background-color":"","background-image":"","background-repeat":"repeat","background-position":"center center","background-size":"auto","background-attachment":"scroll","background-type":"","background-media":"","overlay-type":"","overlay-color":"","overlay-opacity":"","overlay-gradient":""},"mobile":{"background-color":"","background-image":"","background-repeat":"repeat","background-position":"center center","background-size":"auto","background-attachment":"scroll","background-type":"","background-media":"","overlay-type":"","overlay-color":"","overlay-opacity":"","overlay-gradient":""}},"ast-content-background-meta":{"desktop":{"background-color":"var(--ast-global-color-5)","background-image":"","background-repeat":"repeat","background-position":"center center","background-size":"auto","background-attachment":"scroll","background-type":"","background-media":"","overlay-type":"","overlay-color":"","overlay-opacity":"","overlay-gradient":""},"tablet":{"background-color":"var(--ast-global-color-5)","background-image":"","background-repeat":"repeat","background-position":"center center","background-size":"auto","background-attachment":"scroll","background-type":"","background-media":"","overlay-type":"","overlay-color":"","overlay-opacity":"","overlay-gradient":""},"mobile":{"background-color":"var(--ast-global-color-5)","background-image":"","background-repeat":"repeat","background-position":"center center","background-size":"auto","background-attachment":"scroll","background-type":"","background-media":"","overlay-type":"","overlay-color":"","overlay-opacity":"","overlay-gradient":""}},"footnotes":""},"class_list":["post-13","page","type-page","status-publish","hentry"],"_links":{"self":[{"href":"https:\/\/scjanadlugosza.pl\/index.php\/wp-json\/wp\/v2\/pages\/13","targetHints":{"allow":["GET"]}}],"collection":[{"href":"https:\/\/scjanadlugosza.pl\/index.php\/wp-json\/wp\/v2\/pages"}],"about":[{"href":"https:\/\/scjanadlugosza.pl\/index.php\/wp-json\/wp\/v2\/types\/page"}],"author":[{"embeddable":true,"href":"https:\/\/scjanadlugosza.pl\/index.php\/wp-json\/wp\/v2\/users\/1"}],"replies":[{"embeddable":true,"href":"https:\/\/scjanadlugosza.pl\/index.php\/wp-json\/wp\/v2\/comments?post=13"}],"version-history":[{"count":13,"href":"https:\/\/scjanadlugosza.pl\/index.php\/wp-json\/wp\/v2\/pages\/13\/revisions"}],"predecessor-version":[{"id":83,"href":"https:\/\/scjanadlugosza.pl\/index.php\/wp-json\/wp\/v2\/pages\/13\/revisions\/83"}],"wp:attachment":[{"href":"https:\/\/scjanadlugosza.pl\/index.php\/wp-json\/wp\/v2\/media?parent=13"}],"curies":[{"name":"wp","href":"https:\/\/api.w.org\/{rel}","templated":true}]}}